{"id":12,"date":"2025-06-12T13:26:48","date_gmt":"2025-06-12T11:26:48","guid":{"rendered":"https:\/\/faq.pc-sam.net\/?page_id=12"},"modified":"2025-06-13T08:56:23","modified_gmt":"2025-06-13T06:56:23","slug":"frequentlyaskedquestions","status":"publish","type":"page","link":"https:\/\/faq.pc-sam.net\/","title":{"rendered":"FAQ &#8211; Sammlung"},"content":{"rendered":"\n            <div class=\"qae-faqs-container qae-faqs-toggle-container\">\n\t\t\t\t\t\t\t<ul class=\"qe-faqs-filters-container\">\n\t\t\t\t<li class=\"active\"><a class=\"qe-faqs-filter all-faqs\" href=\"#\" data-filter=\"*\">Alle<\/a><\/li>\n\t\t\t\t<li><a class=\"qe-faqs-filter\" href=\"#sams-fd\" data-filter=\".sams-fd\">SAM&#039;s FramaDate - fd.pc-sam.cloud<\/a><\/li><li><a class=\"qe-faqs-filter\" href=\"#sams-pb\" data-filter=\".sams-pb\">SAM&#039;s PrivateBin - pb.pc-sam.net<\/a><\/li>\t\t\t<\/ul>\n\t\t\t<h3 class=\"qe-faqs-group-title\">SAM&#039;s PrivateBin - pb.pc-sam.net<\/h3>\t\t<div id=\"qaef-62\" class=\"qe-faq-toggle sams-pb\">\n\t\t\t<div class=\"qe-toggle-title\">\n\t\t\t\t<h4>\n\t\t\t\t\t<i class=\"fa fa-minus-circle\"><\/i> Warum wird mir eine Fehlermeldung \u00fcber eine unsichere Verbindung angezeigt?\t\t\t\t<\/h4>\n\t\t\t<\/div>\n\t\t\t<div class=\"qe-toggle-content\">\n\t\t\t\t\n<p>M\u00f6glicherweise wurde Ihnen folgende Meldung angezeigt:<\/p>\n\n\n\n<blockquote class=\"wp-block-quote is-layout-flow wp-block-quote-is-layout-flow\">\n<p>Diese Website verwendet eine unsichere Verbindung! Bitte verwenden Sie sie nur zu Testzwecken.<\/p>\n<\/blockquote>\n\n\n\n<p>In diesem Fall haben Sie \u00fcber eine unsichere Verbindung, z. B. \u00fcber HTTP, auf die PrivateBin-Instanz zugegriffen. Lesen Sie die Readme-Datei <a href=\"https:\/\/github.com\/PrivateBin\/PrivateBin#what-it-doesnt-provide\"><u>mit einer Beschreibung der Funktionen, die PrivateBin nicht bieten kann<\/u><\/a>, um zu verstehen, warum eine sichere Verbindung (die die <a href=\"https:\/\/github.com\/PrivateBin\/PrivateBin\/wiki\/Information_security#Integrity\"><u>Integrit\u00e4t der<\/u><\/a> Daten gew\u00e4hrleistet) erforderlich ist.<\/p>\n\n\n\n<p>Beachten Sie, dass in einigen seltenen F\u00e4llen eine Verbindung auch dann sicher sein kann, wenn Sie HTTP verwenden. (z. B. bei Verwendung von <a href=\"https:\/\/en.wikipedia.org\/wiki\/Onion_services\"><u>Onion-Diensten<\/u><\/a>) PrivateBin versucht automatisch, diese zu erkennen, und zeigt in einem solchen Fall diese Warnung nicht an.<\/p>\n\n\n\n<p>Allerdings k\u00f6nnen auch in diesen F\u00e4llen technische Probleme auftreten und PrivateBin m\u00f6glicherweise nicht wie erwartet funktionieren, da einige Browser <a href=\"https:\/\/developer.mozilla.org\/docs\/Web\/Security\/Secure_Contexts\/features_restricted_to_secure_contexts\"><u>bestimmte Funktionen<\/u><\/a> wie die Web Crypto API (die PrivateBin nutzt) auf einen <a href=\"https:\/\/developer.mozilla.org\/docs\/Web\/Security\/Secure_Contexts\"><u>sicheren Kontext<\/u><\/a> beschr\u00e4nken. Ein Browser, von dem bekannt ist, dass er dies tut, <a href=\"https:\/\/github.com\/PrivateBin\/PrivateBin\/issues\/441\"><u>ist Chrome\/alle Chromium-basierten Browser<\/u><\/a> (seit v60). Dies ist eine bewusste Entscheidung der Browserhersteller (die Gr\u00fcnde daf\u00fcr finden Sie auch unter den vorherigen Links) und die Aufnahme der WebCrypto-API basiert auf <a href=\"https:\/\/github.com\/w3c\/webcrypto\/issues\/28\"><u>dieser Entscheidung des W3C<\/u><\/a>. <strong>PrivateBin kann daran nichts \u00e4ndern.<\/strong> Entweder vertraut Ihr Browser darauf, dass es sich um eine sichere Verbindung handelt, und PrivateBin kann die ben\u00f6tigten Funktionen nutzen, oder er tut dies nicht.<\/p>\n\n\n\n<p><\/p>\n\t\t\t<\/div>\n\t\t<\/div>\n\t\t\t\t<div id=\"qaef-61\" class=\"qe-faq-toggle sams-pb\">\n\t\t\t<div class=\"qe-toggle-title\">\n\t\t\t\t<h4>\n\t\t\t\t\t<i class=\"fa fa-minus-circle\"><\/i> Warum erscheint die Fehlermeldung &#8222;PrivateBin ben\u00f6tigt einen modernen Browser, um zu funktionieren&#8220;?\t\t\t\t<\/h4>\n\t\t\t<\/div>\n\t\t\t<div class=\"qe-toggle-content\">\n\t\t\t\t\n<p>Dieser Fehler wird angezeigt, wenn die Funktionserkennung von PrivateBin feststellt, dass Ihrem Browser eine f\u00fcr die Funktion erforderliche Kernfunktion fehlt (z. B. Verschl\u00fcsselung, ECMAScript Version 6, WebAssembly).<\/p>\n\n\n\n<p>In den meisten F\u00e4llen liegt dies daran, dass <a href=\"https:\/\/en.wikipedia.org\/wiki\/WebAssembly\"><u>WebAssembly<\/u><\/a> und\/oder die Web Crypto API deaktiviert sind oder nicht verf\u00fcgbar sind.<br>Intern verwenden wir eine WebAssembly-Bibliothek zur Komprimierung. Wenn diese deaktiviert ist, k\u00f6nnen Sie komprimierte Einf\u00fcgungen nicht <em>lesen<\/em> (beachten Sie, dass die Komprimierung standardm\u00e4\u00dfig verwendet wird, sodass die meisten Einf\u00fcgungen wahrscheinlich komprimiert sind). Sie k\u00f6nnen jedoch weiterhin Einf\u00fcgungen <em>erstellen<\/em>, da PrivateBin unkomprimierte Einf\u00fcgungen speichern und lesen kann.<\/p>\n\n\n\n<p>Wenn die Web Crypto API nicht verf\u00fcgbar ist, kann PrivateBin keine Paste-Einf\u00fcgungen entschl\u00fcsseln oder verschl\u00fcsseln. Da dies die Kernfunktion von PrivateBin ist, kann es dann einfach nicht funktionieren. Weitere Informationen finden Sie <a href=\"https:\/\/github.com\/PrivateBin\/PrivateBin\/wiki\/FAQ#why-does-it-show-me-an-error-about-an-insecure-connection\"><u>im FAQ-Eintrag \u201eWarum wird mir eine Fehlermeldung \u00fcber eine unsichere Verbindung angezeigt?\u201c<\/u><\/a>.<\/p>\n\n\n\n<p>Hier sind einige F\u00e4lle, die davon betroffen sind, sowie die entsprechenden Ursachen:<\/p>\n\n\n\n<ul class=\"wp-block-list\">\n<li>Sie verwenden einen veralteten Browser, der WebAssembly, die Web Crypto API oder eine andere erforderliche Funktion nicht unterst\u00fctzt.<\/li>\n\n\n\n<li>(Die \u00e4ltere Version von) Edge <a href=\"https:\/\/github.com\/PrivateBin\/PrivateBin\/issues\/468#issuecomment-516299300\"><u>unterst\u00fctzt nicht die gesamte Web Crypto API<\/u><\/a>, die PrivateBin verwendet. Genauer gesagt fehlt die PBKDF2-Unterst\u00fctzung. Wir empfehlen, stattdessen auf den neuen Chromium-basierten Edge zu wechseln.<\/li>\n\n\n\n<li><a href=\"https:\/\/github.com\/PrivateBin\/PrivateBin\/issues\/454\"><u>Der Tor-Browser deaktiviert WebAssembly standardm\u00e4\u00dfig.<\/u><\/a><\/li>\n\n\n\n<li>und andere Browser wie Chrome\/Chromium-basierte Browser <a href=\"https:\/\/github.com\/PrivateBin\/PrivateBin\/issues\/441\"><u>deaktivieren die Web Crypto API, wenn eine unsichere Verbindung verwendet wird<\/u><\/a>, d. h. wenn Sie beispielsweise \u00fcber HTTP statt HTTPS auf sie zugreifen. Weitere Informationen finden Sie <a href=\"https:\/\/github.com\/PrivateBin\/PrivateBin\/wiki\/FAQ#why-does-it-show-me-an-error-about-an-insecure-connection\"><u>im bereits erw\u00e4hnten FAQ-Eintrag<\/u><\/a>.<\/li>\n\n\n\n<li>Sie deaktivieren First-Party-XHR-Anfragen mit einer Erweiterung wie <a href=\"https:\/\/github.com\/gorhill\/uMatrix\"><u>uMatrix<\/u><\/a>.<\/li>\n<\/ul>\n\n\n\n<p><\/p>\n\t\t\t<\/div>\n\t\t<\/div>\n\t\t\t\t<div id=\"qaef-60\" class=\"qe-faq-toggle sams-pb\">\n\t\t\t<div class=\"qe-toggle-title\">\n\t\t\t\t<h4>\n\t\t\t\t\t<i class=\"fa fa-minus-circle\"><\/i> Aber JavaScript-Verschl\u00fcsselung ist nicht sicher!\t\t\t\t<\/h4>\n\t\t\t<\/div>\n\t\t\t<div class=\"qe-toggle-content\">\n\t\t\t\t\n<p>Erstens ist dies eine Aussage, keine Frage. Zweitens sind wir uns dessen bewusst und wissen, dass JavaScript nicht das gleiche Ma\u00df an Sicherheit bieten kann wie andere Methoden, da Sie weiterhin darauf vertrauen m\u00fcssen, dass der Serveradministrator keine manipulierten Skripte \u00fcbermittelt. Aus diesem Grund weisen wir <a href=\"https:\/\/github.com\/PrivateBin\/PrivateBin#what-it-doesnt-provide\"><u>in unserer Readme-Datei<\/u><\/a> ausdr\u00fccklich auf dieses konzeptionelle Problem hin. <\/p>\n\n\n\n<p>Bei SAM&#8217;s PrivateBin werden nur zum Betrieb notwendige Daten gespeichert &#8211; sonst nichts!<\/p>\n\t\t\t<\/div>\n\t\t<\/div>\n\t\t\t\t<div id=\"qaef-36\" class=\"qe-faq-toggle sams-pb\">\n\t\t\t<div class=\"qe-toggle-title\">\n\t\t\t\t<h4>\n\t\t\t\t\t<i class=\"fa fa-minus-circle\"><\/i> Warum sollte ich PrivateBin verwenden?\t\t\t\t<\/h4>\n\t\t\t<\/div>\n\t\t\t<div class=\"qe-toggle-content\">\n\t\t\t\t\n<ul class=\"wp-block-list\">\n<li>k\u00f6nnen Sie Geheimnisse wie Passw\u00f6rter aus Chats heraushalten und sie mit anderen teilen<\/li>\n\n\n\n<li>k\u00f6nnen Sie einen vertrauensw\u00fcrdigen Anbieter w\u00e4hlen (vielleicht einen Freund oder sogar sich selbst, wenn Sie den Dienst selbst hosten)<\/li>\n\n\n\n<li>Sie k\u00f6nnen Dateien freigeben und eine begrenzte Nutzungsdauer festlegen<\/li>\n\n\n\n<li>Sie k\u00f6nnen mit anderen Personen \u00fcber Themen diskutieren<\/li>\n<\/ul>\n\t\t\t<\/div>\n\t\t<\/div>\n\t\t<h3 class=\"qe-faqs-group-title\">SAM&#039;s FramaDate - fd.pc-sam.cloud<\/h3>\t\t<div id=\"qaef-26\" class=\"qe-faq-toggle sams-fd\">\n\t\t\t<div class=\"qe-toggle-title\">\n\t\t\t\t<h4>\n\t\t\t\t\t<i class=\"fa fa-minus-circle\"><\/i> Wo kann ich einen Fehler melden?\t\t\t\t<\/h4>\n\t\t\t<\/div>\n\t\t\t<div class=\"qe-toggle-content\">\n\t\t\t\t\n<p>Programmierfehler in der f\u00fcr fd.pc-sam.cloud verwendeten Software Framadate k\u00f6nnen auf englisch oder franz\u00f6sisch in den sogenannten Issue-Tracker der Firma Framasoft eingetragen werden:\u00a0<a href=\"https:\/\/framagit.org\/framasoft\/framadate\/framadate\/-\/issues\">https:\/\/framagit.org\/<\/a><br>Bitte haben Sie Verst\u00e4ndnis daf\u00fcr, dass derzeit nur sicherheitskritische Fehler behoben werden.<\/p>\n\t\t\t<\/div>\n\t\t<\/div>\n\t\t\t\t<div id=\"qaef-25\" class=\"qe-faq-toggle sams-fd\">\n\t\t\t<div class=\"qe-toggle-title\">\n\t\t\t\t<h4>\n\t\t\t\t\t<i class=\"fa fa-minus-circle\"><\/i> K\u00f6nnen Sie weitere Features einbauen?\t\t\t\t<\/h4>\n\t\t\t<\/div>\n\t\t\t<div class=\"qe-toggle-content\">\n\t\t\t\t\n<p>Nein, das k\u00f6nnen wir leider nicht. Auch das franz\u00f6sische Entwickler.innen-Kollektiv Framasoft, das die f\u00fcr fd.pc-sam.cloud genutze Software Framadate programmiert, wird keine neuen Features einbauen.<\/p>\n\t\t\t<\/div>\n\t\t<\/div>\n\t\t\t\t<div id=\"qaef-24\" class=\"qe-faq-toggle sams-fd\">\n\t\t\t<div class=\"qe-toggle-title\">\n\t\t\t\t<h4>\n\t\t\t\t\t<i class=\"fa fa-minus-circle\"><\/i> Die Ausdrucke von Umfragen sehen nicht gut aus\u00a0\u2026\t\t\t\t<\/h4>\n\t\t\t<\/div>\n\t\t\t<div class=\"qe-toggle-content\">\n\t\t\t\t\n<p>fd.pc-sam.cloud ist ein Webdienst, der vor allem f\u00fcr die schnelle Terminfindung gedacht ist. F\u00fcrs Ausdrucken eignen sich andere Programme besser. Tipp: Exportieren Sie die Umfrage-Daten als .csv-Datei, lesen Sie diese wiederum in ein Tabellenkalkulationsprogramm ein. Von dort aus k\u00f6nnen Sie die Daten formatieren und ausdrucken.<\/p>\n\t\t\t<\/div>\n\t\t<\/div>\n\t\t\t\t<div id=\"qaef-23\" class=\"qe-faq-toggle sams-fd\">\n\t\t\t<div class=\"qe-toggle-title\">\n\t\t\t\t<h4>\n\t\t\t\t\t<i class=\"fa fa-minus-circle\"><\/i> Ich klicke auf den Admin-Link, wei\u00df auch, dass Leute sich bereits eingetragen haben, aber ich bekomme keine Ergebnisse angezeigt?!\t\t\t\t<\/h4>\n\t\t\t<\/div>\n\t\t\t<div class=\"qe-toggle-content\">\n\t\t\t\t\n<p>Sie haben diese Umfrage (vielleicht testweise) mehrmals angelegt und haben somit auch mehrmals einen Admin-Link zugeschickt bekommen. Sie m\u00fcssen nur den richtigen Link finden und schon funktioniert alles wieder.<\/p>\n\n\n\n<p>In manchen Unternehmen l\u00e4uft fehlerhafte Schutzsoftware, die Links ver\u00e4ndert. Hier hatten wir h\u00e4ufiger die Meldung, dass die Stimmen nicht angezeigt werden. Bitten Sie Ihren IT-Support, um Unterst\u00fctzung.<\/p>\n\t\t\t<\/div>\n\t\t<\/div>\n\t\t\t\t<div id=\"qaef-22\" class=\"qe-faq-toggle sams-fd\">\n\t\t\t<div class=\"qe-toggle-title\">\n\t\t\t\t<h4>\n\t\t\t\t\t<i class=\"fa fa-minus-circle\"><\/i> Kann ich Einstellungen in einer Umfrage nachtr\u00e4glich ver\u00e4ndern?\t\t\t\t<\/h4>\n\t\t\t<\/div>\n\t\t\t<div class=\"qe-toggle-content\">\n\t\t\t\t\n<p>In der Regel: Nein. Die Werte, die Sie beim Erstellen eingegeben haben, lassen sich nicht nachtr\u00e4glich ver\u00e4ndern. Im Zweifelsfall m\u00fcssen Sie die Umfrage neu aufsetzen. Ausnahme: Bei einigen Einstellungen k\u00f6nnen Sie in der Admin-Ansicht mit der Maus dar\u00fcber \u201ahovern\u2018 \u2013 es taucht dann ein Schreibstift-Symbol auf, das Sie anklicken k\u00f6nnen. Wir raten aber dringend davon ab, Spalten zu l\u00f6schen, nachdem schon Stimmen abgegeben wurden \u2013 das kann zu Datenverlust f\u00fchren.<\/p>\n\t\t\t<\/div>\n\t\t<\/div>\n\t\t\t\t<div id=\"qaef-21\" class=\"qe-faq-toggle sams-fd\">\n\t\t\t<div class=\"qe-toggle-title\">\n\t\t\t\t<h4>\n\t\t\t\t\t<i class=\"fa fa-minus-circle\"><\/i> Warum kann ich keine Bilder einbinden?\t\t\t\t<\/h4>\n\t\t\t<\/div>\n\t\t\t<div class=\"qe-toggle-content\">\n\t\t\t\t\n<p>Das Einbinden von Daten, die auf anderen Servern liegen, haben wir auf dieser Instanz aus Datenschutz- und Datensicherheitsgr\u00fcnden deaktiviert.<\/p>\n\t\t\t<\/div>\n\t\t<\/div>\n\t\t\t\t<div id=\"qaef-20\" class=\"qe-faq-toggle sams-fd\">\n\t\t\t<div class=\"qe-toggle-title\">\n\t\t\t\t<h4>\n\t\t\t\t\t<i class=\"fa fa-minus-circle\"><\/i> Gibt es eine Maximalgrenze f\u00fcr die Anzahl Stimmen bei einer Umfrage?\t\t\t\t<\/h4>\n\t\t\t<\/div>\n\t\t\t<div class=\"qe-toggle-content\">\n\t\t\t\t\n<p>Nein, es k\u00f6nnen unlimitiert viele Stimmen abgegeben werden.<\/p>\n\t\t\t<\/div>\n\t\t<\/div>\n\t\t\t\t<div id=\"qaef-19\" class=\"qe-faq-toggle sams-fd\">\n\t\t\t<div class=\"qe-toggle-title\">\n\t\t\t\t<h4>\n\t\t\t\t\t<i class=\"fa fa-minus-circle\"><\/i> Kann ich Umfragen mit Passw\u00f6rtern sch\u00fctzen?\t\t\t\t<\/h4>\n\t\t\t<\/div>\n\t\t\t<div class=\"qe-toggle-content\">\n\t\t\t\t\n<p>Ja, das k\u00f6nnen Sie. Um auf eine Umfrage zugreifen zu k\u00f6nnen, wird lediglich die entsprechende URL ben\u00f6tigt. Da diese in der Regel kryptisch ist, ist ein zus\u00e4tzlicher Passwortschutz in solchen F\u00e4llen nicht notwendig. Wenn Sie eine leicht erratbare URL f\u00fcr Ihre Umfrage gew\u00e4hlt haben, kann es aber sinnvoll sein, ein Passwort zu setzen. Dieses sollten Sie sich gut merken, denn wir k\u00f6nnen es nicht f\u00fcr Sie herausfinden oder zur\u00fccksetzen. In jedem Fall erfolgt die \u00dcbertragung von Daten zwischen Client und Server bei der Eingabe und Anzeige ausschlie\u00dflich \u00fcber verschl\u00fcsselte Verbindungen (Transportverschl\u00fcsselung z.Z. nach TLS 1.3).<\/p>\n\t\t\t<\/div>\n\t\t<\/div>\n\t\t\t\t<div id=\"qaef-18\" class=\"qe-faq-toggle sams-fd\">\n\t\t\t<div class=\"qe-toggle-title\">\n\t\t\t\t<h4>\n\t\t\t\t\t<i class=\"fa fa-minus-circle\"><\/i> Wann wird eine Umfrage gel\u00f6scht?\t\t\t\t<\/h4>\n\t\t\t<\/div>\n\t\t\t<div class=\"qe-toggle-content\">\n\t\t\t\t\n<p>Die L\u00f6schung geschieht automatisch nach 6 Monaten (180 Tagen), kann aber f\u00fcr jede Umfrage individuell umgestellt und verk\u00fcrzt werden. Sie k\u00f6nnen Umfragen auch jederzeit h\u00e4ndisch l\u00f6schen, wenn Sie Administrator.in, also der\/die Autor.in der Umfrage sind. Eine l\u00e4ngere Speicherung der Umfrage hingegen ist nicht m\u00f6glich; auch wir k\u00f6nnen dies nicht einrichten.<\/p>\n\t\t\t<\/div>\n\t\t<\/div>\n\t\t\t\t<div id=\"qaef-17\" class=\"qe-faq-toggle sams-fd\">\n\t\t\t<div class=\"qe-toggle-title\">\n\t\t\t\t<h4>\n\t\t\t\t\t<i class=\"fa fa-minus-circle\"><\/i> Wie finde ich meine Umfragen wieder, die ich erstellt habe?\t\t\t\t<\/h4>\n\t\t\t<\/div>\n\t\t\t<div class=\"qe-toggle-content\">\n\t\t\t\t\n<p>Wenn Sie eine echte E-Mail-Adresse hinterlegt haben, k\u00f6nnen Sie die Funktion \u201eWo sind meine Umfragen?\u201c auf der Startseite von fd.pc-sam.cloud nutzen. Sie erhalten dann per E-Mail eine Liste der Umfragen, die Sie angelegt haben, mit dem jeweiligem Erstellungsdatum (sofern die Umfragen nicht bereits gel\u00f6scht wurden). Die Links zu den Umfragen sind aber auch hier nicht hinterlegt. Trick: Sie k\u00f6nnen das Erstellungsdatum der Umfrage zur Orientierung nutzen, um die E-Mail in Ihrem Posteingang wiederzufinden, in der Sie den jeweiligen Adminlink erhalten hatten.<\/p>\n\n\n\n<p><\/p>\n\t\t\t<\/div>\n\t\t<\/div>\n\t\t\t\t<div id=\"qaef-15\" class=\"qe-faq-toggle sams-fd\">\n\t\t\t<div class=\"qe-toggle-title\">\n\t\t\t\t<h4>\n\t\t\t\t\t<i class=\"fa fa-minus-circle\"><\/i> Was ist das Besondere an dieser Instanz?\t\t\t\t<\/h4>\n\t\t\t<\/div>\n\t\t\t<div class=\"qe-toggle-content\">\n\t\t\t\t\n<p>fd.pc-sam.cloud l\u00e4uft auf unseren eigenen Servern und betreibt im Unterschied zu vielen anderen Umfragetools keinerlei User-Tracking. Sowohl in der Software selbst als auch im Webserver haben wir das Logging von Zugriffen deaktiviert. Es werden also keine IP-Adressen gespeichert, sondern nur das, was Sie selbst in die Formulare eintragen.<\/p>\n\n\n\n<p>Um eine Umfrage zu erstellen, m\u00fcssen Sie eine E-Mail-Adresse angeben (technisch notwendig), doch statt ihrer echten E-Mail-Adresse k\u00f6nnen Sie gerne eine beliebige\/fiktive eingeben, die dann aber unbedingt auf \u201e@invalid\u201c enden muss. In diesem Fall sollten Sie die Administrationsseiten Ihrer Umfragen als Lesezeichen speichern, sonst finden Sie diese nicht wieder. Wir k\u00f6nnen Ihnen bei Verlust des Umfragenlinks leider nicht helfen, diesen wiederzufinden oder zu rekonstruieren.<\/p>\n\n\n\n<p><\/p>\n\t\t\t<\/div>\n\t\t<\/div>\n\t\t            <\/div>\n\t\t\n","protected":false},"excerpt":{"rendered":"","protected":false},"author":1,"featured_media":0,"parent":0,"menu_order":0,"comment_status":"closed","ping_status":"closed","template":"","meta":{"footnotes":""},"class_list":["post-12","page","type-page","status-publish","hentry"],"_links":{"self":[{"href":"https:\/\/faq.pc-sam.net\/index.php\/wp-json\/wp\/v2\/pages\/12","targetHints":{"allow":["GET"]}}],"collection":[{"href":"https:\/\/faq.pc-sam.net\/index.php\/wp-json\/wp\/v2\/pages"}],"about":[{"href":"https:\/\/faq.pc-sam.net\/index.php\/wp-json\/wp\/v2\/types\/page"}],"author":[{"embeddable":true,"href":"https:\/\/faq.pc-sam.net\/index.php\/wp-json\/wp\/v2\/users\/1"}],"replies":[{"embeddable":true,"href":"https:\/\/faq.pc-sam.net\/index.php\/wp-json\/wp\/v2\/comments?post=12"}],"version-history":[{"count":9,"href":"https:\/\/faq.pc-sam.net\/index.php\/wp-json\/wp\/v2\/pages\/12\/revisions"}],"predecessor-version":[{"id":42,"href":"https:\/\/faq.pc-sam.net\/index.php\/wp-json\/wp\/v2\/pages\/12\/revisions\/42"}],"wp:attachment":[{"href":"https:\/\/faq.pc-sam.net\/index.php\/wp-json\/wp\/v2\/media?parent=12"}],"curies":[{"name":"wp","href":"https:\/\/api.w.org\/{rel}","templated":true}]}}